{"id":1310,"date":"2024-12-14T15:55:28","date_gmt":"2024-12-14T15:55:28","guid":{"rendered":"https:\/\/www.taxi-itheorie.ch\/shop\/?post_type=product&#038;p=1310"},"modified":"2026-03-14T13:35:59","modified_gmt":"2026-03-14T13:35:59","slug":"all-in-1-intensiv","status":"publish","type":"product","link":"https:\/\/www.taxi-itheorie.ch\/shop\/produkt\/all-in-1-intensiv\/","title":{"rendered":"All-in-One Premium-Package Intensiv"},"content":{"rendered":"<p>Taxi-iTheorie ist ein etabliertes Unternehmen, \u00fcber dessen Online-Plattform schon zahlreiche Kunden f\u00fcr die Taxi-Theoriepr\u00fcfung (PBT121) vorbereitet wurden. Wir bieten eine moderne Online-Plattform f\u00fcr Theorie-Kurse, in welchen die Teilnehmer auf die Theoriepr\u00fcfung BPT ARV 2 vorbereitet werden. Bei Fragen oder Unklarheiten werden Sie von uns durch verschiedene Online-Kan\u00e4le unterst\u00fctzt.<\/p>\n<p class=\"p1\">Werden Sie erfolgreicher Taxifahrer\/in oder Uberfahrer\/in mit unserem umfassenden Taxi Theoriekurs! Unsere erfahrenen Lehrer bringen Ihnen spezifische Regeln und Vorschriften bei und bereiten Sie auf strengen Pr\u00fcfungsanforderungen vor. Theoretische \u00dcbungen und Tests vertiefen Ihr Wissen und Ihre F\u00e4higkeiten. Starten Sie Ihre Karriere noch heute.<\/p>\n<p>Wir begleiten Sie bis zur erfolgreichen Absolvierung der Pr\u00fcfung!<\/p>\n","protected":false},"excerpt":{"rendered":"<p><img decoding=\"async\" src=\"https:\/\/www.taxi-itheorie.ch\/shop\/wp-content\/uploads\/2024\/02\/Sprachen.jpg\" \/><\/p>\n<p><b>\u201eHeute lernen, morgen bestehen!\u201c<\/b><br \/>\nIntensivkurs f\u00fcr die Taxi-Theorie BPT121 \u2013 Schnell, einfach und erfolgreich!<br \/>\nHaben Sie wenig Zeit, um sich auf die Taxi-Theoriepr\u00fcfung vorzubereiten? Unser 4-Stunden-Kurs ist die perfekte L\u00f6sung, um effizient zu lernen und sicher zu bestehen.<\/p>\n<p><b>Warum unser Kurs?<\/b><br \/>\n F\u00fchlen Sie sich sicher und selbstbewusst, wenn Sie perfekt vorbereitet in die Pr\u00fcfung gehen.<br \/>\n\u00dcber zahlreiche Kunden haben unseren Kurs genutzt und erfolgreich bestanden. Unsere Experten garantieren Erfolg!<br \/>\nLernen Sie alle Fragen und Antworten in nur 4 Stunden \u2013 Wort f\u00fcr Wort. Jetzt zum Sonderpreis von 450 CHF statt 600 CHF.<\/p>\n<p><b>Alle erh\u00e4ltlichen Pakete inkl. Pr\u00fcfungsgarantie:<\/b><\/p>\n<p>Zugang zu Kursinhalten, Theorieunterricht und Probepr\u00fcfungen<br \/>\nKurs auch in Fremdsprachen m\u00f6glich (vor Ort im Trainingscenter)<br \/>\nDauer: 4-6  Stunden vor Ort (flexibel aufteilbar)<br \/>\nIndividuelle Betreuung: Fehler werden analysiert und korrigiert, bis maximal 9 Fehlerpunkte erreicht sind<br \/>\nErfolg garantiert!<\/p>\n<p>Im Trainingscenter bereiten wir Sie optimal auf die Pr\u00fcfung vor. Taxi-iTheorie gratuliert Ihnen schon jetzt zum Bestehen der BPT121 Taxi-Theoriepr\u00fcfung!<\/p>\n<p>JETZT ANMELDEN \u2013 Heute lernen, morgen\u00a0bestehen!<\/p>\n","protected":false},"featured_media":1311,"comment_status":"open","ping_status":"closed","template":"","meta":[],"product_cat":[15],"product_tag":[],"yoast_head":"<!-- This site is optimized with the Yoast SEO plugin v20.5 - https:\/\/yoast.com\/wordpress\/plugins\/seo\/ -->\r\n<title>All-in-One Package - Pr\u00fcfungsrelevante Fragenkatalog zur Taxipr\u00fcfung<\/title>\r\n<meta name=\"description\" content=\"Taxikurs Taxifahren Autofahrkurs \u2756 jetzt anmelden und von g\u00fcnstigen Angeboten profitieren \u2756 Schweizer Plattform f\u00fcr Taxi Taxipr\u00fcfung\" \/>\r\n<meta name=\"robots\" content=\"index, follow, max-snippet:-1, max-image-preview:large, max-video-preview:-1\" \/>\r\n<link rel=\"canonical\" href=\"https:\/\/www.taxi-itheorie.ch\/shop\/produkt\/all-in-1-intensiv\/\" \/>\r\n<meta property=\"og:locale\" content=\"de_DE\" \/>\r\n<meta property=\"og:type\" content=\"article\" \/>\r\n<meta property=\"og:title\" content=\"All-in-One Package - Pr\u00fcfungsrelevante Fragenkatalog zur Taxipr\u00fcfung\" \/>\r\n<meta property=\"og:description\" content=\"Taxikurs Taxifahren Autofahrkurs \u2756 jetzt anmelden und von g\u00fcnstigen Angeboten profitieren \u2756 Schweizer Plattform f\u00fcr Taxi Theoriekurs\" \/>\r\n<meta property=\"og:url\" content=\"https:\/\/www.taxi-itheorie.ch\/shop\/produkt\/all-in-1-intensiv\/\" \/>\r\n<meta property=\"og:site_name\" content=\"Taxi-iTheorie\" \/>\r\n<meta property=\"article:publisher\" content=\"https:\/\/www.facebook.com\/Taxiitheorie\" \/>\r\n<meta property=\"article:modified_time\" content=\"2026-03-14T13:35:59+00:00\" \/>\r\n<meta property=\"og:image\" content=\"https:\/\/www.taxi-itheorie.ch\/shop\/wp-content\/uploads\/2024\/12\/Modul_heute_morgen_1.jpg\" \/>\r\n\t<meta property=\"og:image:width\" content=\"2480\" \/>\r\n\t<meta property=\"og:image:height\" content=\"1772\" \/>\r\n\t<meta property=\"og:image:type\" content=\"image\/jpeg\" \/>\r\n<meta name=\"twitter:card\" content=\"summary_large_image\" \/>\r\n<meta name=\"twitter:title\" content=\"All-in-One Package - Pr\u00fcfungsrelevante Fragenkatalog zur Taxipr\u00fcfung\" \/>\r\n<meta name=\"twitter:description\" content=\"Taxikurs Taxifahren Autofahrkurs \u2756 jetzt anmelden und von g\u00fcnstigen Angeboten profitieren \u2756 Schweizer Plattform f\u00fcr Taxi Theoriekurs\" \/>\r\n<meta name=\"twitter:image\" content=\"https:\/\/www.taxi-itheorie.ch\/shop\/wp-content\/uploads\/2021\/11\/Design-102-Taxi-Schild-mit-Phone.jpeg\" \/>\r\n<meta name=\"twitter:label1\" content=\"Gesch\u00e4tzte Lesezeit\" \/>\n\t<meta name=\"twitter:data1\" content=\"1 Minute\" \/>\r\n<script type=\"application\/ld+json\" class=\"yoast-schema-graph\">{\"@context\":\"https:\/\/schema.org\",\"@graph\":[{\"@type\":\"WebPage\",\"@id\":\"https:\/\/www.taxi-itheorie.ch\/shop\/produkt\/all-in-1-intensiv\/\",\"url\":\"https:\/\/www.taxi-itheorie.ch\/shop\/produkt\/all-in-1-intensiv\/\",\"name\":\"All-in-One Package - Pr\u00fcfungsrelevante Fragenkatalog zur Taxipr\u00fcfung\",\"isPartOf\":{\"@id\":\"https:\/\/www.taxi-itheorie.ch\/shop\/#website\"},\"datePublished\":\"2024-12-14T15:55:28+00:00\",\"dateModified\":\"2026-03-14T13:35:59+00:00\",\"description\":\"Taxikurs Taxifahren Autofahrkurs \u2756 jetzt anmelden und von g\u00fcnstigen Angeboten profitieren \u2756 Schweizer Plattform f\u00fcr Taxi Taxipr\u00fcfung\",\"breadcrumb\":{\"@id\":\"https:\/\/www.taxi-itheorie.ch\/shop\/produkt\/all-in-1-intensiv\/#breadcrumb\"},\"inLanguage\":\"de-DE\",\"potentialAction\":[{\"@type\":\"ReadAction\",\"target\":[\"https:\/\/www.taxi-itheorie.ch\/shop\/produkt\/all-in-1-intensiv\/\"]}]},{\"@type\":\"BreadcrumbList\",\"@id\":\"https:\/\/www.taxi-itheorie.ch\/shop\/produkt\/all-in-1-intensiv\/#breadcrumb\",\"itemListElement\":[{\"@type\":\"ListItem\",\"position\":1,\"name\":\"Startseite\",\"item\":\"https:\/\/www.taxi-itheorie.ch\/shop\/\"},{\"@type\":\"ListItem\",\"position\":2,\"name\":\"Shop\",\"item\":\"https:\/\/www.taxi-itheorie.ch\/shop\/alle-produkte\/\"},{\"@type\":\"ListItem\",\"position\":3,\"name\":\"All-in-One Premium-Package Intensiv\"}]},{\"@type\":\"WebSite\",\"@id\":\"https:\/\/www.taxi-itheorie.ch\/shop\/#website\",\"url\":\"https:\/\/www.taxi-itheorie.ch\/shop\/\",\"name\":\"Taxi-iTheorie - Online-Plattform f\u00fcr Taxi Theorie in der Schweiz\",\"description\":\"Berufsm\u00e4ssiger Personentransport mit Motorfahrzeugen de\",\"publisher\":{\"@id\":\"https:\/\/www.taxi-itheorie.ch\/shop\/#organization\"},\"potentialAction\":[{\"@type\":\"SearchAction\",\"target\":{\"@type\":\"EntryPoint\",\"urlTemplate\":\"https:\/\/www.taxi-itheorie.ch\/shop\/?s={search_term_string}\"},\"query-input\":\"required name=search_term_string\"}],\"inLanguage\":\"de-DE\"},{\"@type\":\"Organization\",\"@id\":\"https:\/\/www.taxi-itheorie.ch\/shop\/#organization\",\"name\":\"Taxi-iTheorie\",\"url\":\"https:\/\/www.taxi-itheorie.ch\/shop\/\",\"logo\":{\"@type\":\"ImageObject\",\"inLanguage\":\"de-DE\",\"@id\":\"https:\/\/www.taxi-itheorie.ch\/shop\/#\/schema\/logo\/image\/\",\"url\":\"https:\/\/www.taxi-itheorie.ch\/shop\/wp-content\/uploads\/2021\/11\/logo_desktop.png\",\"contentUrl\":\"https:\/\/www.taxi-itheorie.ch\/shop\/wp-content\/uploads\/2021\/11\/logo_desktop.png\",\"width\":608,\"height\":175,\"caption\":\"Taxi-iTheorie\"},\"image\":{\"@id\":\"https:\/\/www.taxi-itheorie.ch\/shop\/#\/schema\/logo\/image\/\"},\"sameAs\":[\"https:\/\/www.facebook.com\/Taxiitheorie\",\"https:\/\/www.instagram.com\/taxiitheorie\/\"]}]}<\/script>\r\n<!-- \/ Yoast SEO plugin. -->","yoast_head_json":{"title":"All-in-One Package - Pr\u00fcfungsrelevante Fragenkatalog zur Taxipr\u00fcfung","description":"Taxikurs Taxifahren Autofahrkurs \u2756 jetzt anmelden und von g\u00fcnstigen Angeboten profitieren \u2756 Schweizer Plattform f\u00fcr Taxi Taxipr\u00fcfung","robots":{"index":"index","follow":"follow","max-snippet":"max-snippet:-1","max-image-preview":"max-image-preview:large","max-video-preview":"max-video-preview:-1"},"canonical":"https:\/\/www.taxi-itheorie.ch\/shop\/produkt\/all-in-1-intensiv\/","og_locale":"de_DE","og_type":"article","og_title":"All-in-One Package - Pr\u00fcfungsrelevante Fragenkatalog zur Taxipr\u00fcfung","og_description":"Taxikurs Taxifahren Autofahrkurs \u2756 jetzt anmelden und von g\u00fcnstigen Angeboten profitieren \u2756 Schweizer Plattform f\u00fcr Taxi Theoriekurs","og_url":"https:\/\/www.taxi-itheorie.ch\/shop\/produkt\/all-in-1-intensiv\/","og_site_name":"Taxi-iTheorie","article_publisher":"https:\/\/www.facebook.com\/Taxiitheorie","article_modified_time":"2026-03-14T13:35:59+00:00","og_image":[{"width":2480,"height":1772,"url":"https:\/\/www.taxi-itheorie.ch\/shop\/wp-content\/uploads\/2024\/12\/Modul_heute_morgen_1.jpg","type":"image\/jpeg"}],"twitter_card":"summary_large_image","twitter_title":"All-in-One Package - Pr\u00fcfungsrelevante Fragenkatalog zur Taxipr\u00fcfung","twitter_description":"Taxikurs Taxifahren Autofahrkurs \u2756 jetzt anmelden und von g\u00fcnstigen Angeboten profitieren \u2756 Schweizer Plattform f\u00fcr Taxi Theoriekurs","twitter_image":"https:\/\/www.taxi-itheorie.ch\/shop\/wp-content\/uploads\/2021\/11\/Design-102-Taxi-Schild-mit-Phone.jpeg","twitter_misc":{"Gesch\u00e4tzte Lesezeit":"1 Minute"},"schema":{"@context":"https:\/\/schema.org","@graph":[{"@type":"WebPage","@id":"https:\/\/www.taxi-itheorie.ch\/shop\/produkt\/all-in-1-intensiv\/","url":"https:\/\/www.taxi-itheorie.ch\/shop\/produkt\/all-in-1-intensiv\/","name":"All-in-One Package - Pr\u00fcfungsrelevante Fragenkatalog zur Taxipr\u00fcfung","isPartOf":{"@id":"https:\/\/www.taxi-itheorie.ch\/shop\/#website"},"datePublished":"2024-12-14T15:55:28+00:00","dateModified":"2026-03-14T13:35:59+00:00","description":"Taxikurs Taxifahren Autofahrkurs \u2756 jetzt anmelden und von g\u00fcnstigen Angeboten profitieren \u2756 Schweizer Plattform f\u00fcr Taxi Taxipr\u00fcfung","breadcrumb":{"@id":"https:\/\/www.taxi-itheorie.ch\/shop\/produkt\/all-in-1-intensiv\/#breadcrumb"},"inLanguage":"de-DE","potentialAction":[{"@type":"ReadAction","target":["https:\/\/www.taxi-itheorie.ch\/shop\/produkt\/all-in-1-intensiv\/"]}]},{"@type":"BreadcrumbList","@id":"https:\/\/www.taxi-itheorie.ch\/shop\/produkt\/all-in-1-intensiv\/#breadcrumb","itemListElement":[{"@type":"ListItem","position":1,"name":"Startseite","item":"https:\/\/www.taxi-itheorie.ch\/shop\/"},{"@type":"ListItem","position":2,"name":"Shop","item":"https:\/\/www.taxi-itheorie.ch\/shop\/alle-produkte\/"},{"@type":"ListItem","position":3,"name":"All-in-One Premium-Package Intensiv"}]},{"@type":"WebSite","@id":"https:\/\/www.taxi-itheorie.ch\/shop\/#website","url":"https:\/\/www.taxi-itheorie.ch\/shop\/","name":"Taxi-iTheorie - Online-Plattform f\u00fcr Taxi Theorie in der Schweiz","description":"Berufsm\u00e4ssiger Personentransport mit Motorfahrzeugen de","publisher":{"@id":"https:\/\/www.taxi-itheorie.ch\/shop\/#organization"},"potentialAction":[{"@type":"SearchAction","target":{"@type":"EntryPoint","urlTemplate":"https:\/\/www.taxi-itheorie.ch\/shop\/?s={search_term_string}"},"query-input":"required name=search_term_string"}],"inLanguage":"de-DE"},{"@type":"Organization","@id":"https:\/\/www.taxi-itheorie.ch\/shop\/#organization","name":"Taxi-iTheorie","url":"https:\/\/www.taxi-itheorie.ch\/shop\/","logo":{"@type":"ImageObject","inLanguage":"de-DE","@id":"https:\/\/www.taxi-itheorie.ch\/shop\/#\/schema\/logo\/image\/","url":"https:\/\/www.taxi-itheorie.ch\/shop\/wp-content\/uploads\/2021\/11\/logo_desktop.png","contentUrl":"https:\/\/www.taxi-itheorie.ch\/shop\/wp-content\/uploads\/2021\/11\/logo_desktop.png","width":608,"height":175,"caption":"Taxi-iTheorie"},"image":{"@id":"https:\/\/www.taxi-itheorie.ch\/shop\/#\/schema\/logo\/image\/"},"sameAs":["https:\/\/www.facebook.com\/Taxiitheorie","https:\/\/www.instagram.com\/taxiitheorie\/"]}]}},"_links":{"self":[{"href":"https:\/\/www.taxi-itheorie.ch\/shop\/wp-json\/wp\/v3\/product\/1310"}],"collection":[{"href":"https:\/\/www.taxi-itheorie.ch\/shop\/wp-json\/wp\/v3\/product"}],"about":[{"href":"https:\/\/www.taxi-itheorie.ch\/shop\/wp-json\/wp\/v2\/types\/product"}],"replies":[{"embeddable":true,"href":"https:\/\/www.taxi-itheorie.ch\/shop\/wp-json\/wp\/v2\/comments?post=1310"}],"wp:featuredmedia":[{"embeddable":true,"href":"https:\/\/www.taxi-itheorie.ch\/shop\/wp-json\/wp\/v2\/media\/1311"}],"wp:attachment":[{"href":"https:\/\/www.taxi-itheorie.ch\/shop\/wp-json\/wp\/v2\/media?parent=1310"}],"wp:term":[{"taxonomy":"product_cat","embeddable":true,"href":"https:\/\/www.taxi-itheorie.ch\/shop\/wp-json\/wp\/v2\/product_cat?post=1310"},{"taxonomy":"product_tag","embeddable":true,"href":"https:\/\/www.taxi-itheorie.ch\/shop\/wp-json\/wp\/v2\/product_tag?post=1310"}],"curies":[{"name":"wp","href":"https:\/\/api.w.org\/{rel}","templated":true}]}}