{"id":1137,"date":"2022-11-13T09:18:44","date_gmt":"2022-11-13T09:18:44","guid":{"rendered":"https:\/\/www.taxi-itheorie.ch\/shop\/?post_type=product&#038;p=1137"},"modified":"2025-03-30T17:34:59","modified_gmt":"2025-03-30T17:34:59","slug":"kategorie-b-theorie","status":"publish","type":"product","link":"https:\/\/www.taxi-itheorie.ch\/shop\/produkt\/kategorie-b-theorie\/","title":{"rendered":"Kategorie B Theorie"},"content":{"rendered":"<p>Taxi-iTheorie ist ein etabliertes Unternehmen, \u00fcber dessen Online-Plattform schon zahlreiche Kunden f\u00fcr die Taxi-Theoriepr\u00fcfung (PBT121) vorbereitet wurden. Wir bieten eine moderne Online-Plattform f\u00fcr Theorie-Kurse, in welchen die Teilnehmer auf die Theoriepr\u00fcfung BPT ARV 2 vorbereitet werden. Bei Fragen oder Unklarheiten werden Sie von uns durch verschiedene Online-Kan\u00e4le unterst\u00fctzt.<br \/>\nWir begleiten Sie bis zur erfolgreichen Absolvierung der Pr\u00fcfung!<\/p>\n","protected":false},"excerpt":{"rendered":"<p><img decoding=\"async\" src=\"https:\/\/www.taxi-itheorie.ch\/shop\/wp-content\/uploads\/2024\/02\/Sprachen.jpg\" \/><br \/>\n<strong>Standard Paket<\/strong><\/p>\n<ul>\n<li>Theorie zur Pr\u00fcfungsvorbereitung<\/li>\n<li>10 Stunden Paket mit Erkl\u00e4rung vor Ort<\/li>\n<li>Termin nach Vereinbarung<\/li>\n<\/ul>\n<p><strong>Erweitertes Paket<\/strong><\/p>\n<ul>\n<li>Theorie zur Pr\u00fcfungsvorbereitung<\/li>\n<li>20 Stunden Paket mit Erkl\u00e4rung vor Ort<\/li>\n<li>Termin nach Vereinbarung<\/li>\n<\/ul>\n","protected":false},"featured_media":1142,"comment_status":"open","ping_status":"closed","template":"","meta":[],"product_cat":[35],"product_tag":[],"yoast_head":"<!-- This site is optimized with the Yoast SEO plugin v20.5 - https:\/\/yoast.com\/wordpress\/plugins\/seo\/ -->\r\n<title>Kategorie B Theorie \u2756 Taxi-iTheorie App herunterladen und online<\/title>\r\n<meta name=\"description\" content=\"\ud83d\udcaa Lerncoach hilft ihnen auf die Pr\u00fcfung vorzubereiten \u2756 Pakete f\u00fcr Grundwissen \u2756 KATEGORIE B Theorie - Autopr\u00fcfung Auto Lernpr\u00fcfung Theorie\" \/>\r\n<meta name=\"robots\" content=\"index, follow, max-snippet:-1, max-image-preview:large, max-video-preview:-1\" \/>\r\n<link rel=\"canonical\" href=\"https:\/\/www.taxi-itheorie.ch\/shop\/produkt\/kategorie-b-theorie\/\" \/>\r\n<meta property=\"og:locale\" content=\"de_DE\" \/>\r\n<meta property=\"og:type\" content=\"article\" \/>\r\n<meta property=\"og:title\" content=\"Kategorie B Theorie \u2756 Taxi-iTheorie App herunterladen und online trainieren\" \/>\r\n<meta property=\"og:description\" content=\"\ud83d\udcaa Lerncoach hilft ihnen auf die Pr\u00fcfung vorzubereiten \u2756 Pakete f\u00fcr Grundwissen \u2756 30 Fragen \u00fcber die ARV 2 im Multiple-Choise Verfahren\" \/>\r\n<meta property=\"og:url\" content=\"https:\/\/www.taxi-itheorie.ch\/shop\/produkt\/kategorie-b-theorie\/\" \/>\r\n<meta property=\"og:site_name\" content=\"Taxi-iTheorie\" \/>\r\n<meta property=\"article:publisher\" content=\"https:\/\/www.facebook.com\/Taxiitheorie\" \/>\r\n<meta property=\"article:modified_time\" content=\"2025-03-30T17:34:59+00:00\" \/>\r\n<meta property=\"og:image\" content=\"https:\/\/www.taxi-itheorie.ch\/shop\/wp-content\/uploads\/2021\/06\/p3.jpg\" \/>\r\n\t<meta property=\"og:image:width\" content=\"2000\" \/>\r\n\t<meta property=\"og:image:height\" content=\"2000\" \/>\r\n\t<meta property=\"og:image:type\" content=\"image\/jpeg\" \/>\r\n<meta name=\"twitter:card\" content=\"summary_large_image\" \/>\r\n<meta name=\"twitter:title\" content=\"Kategorie B Theorie \u2756 Taxi-iTheorie App herunterladen und online trainieren\" \/>\r\n<meta name=\"twitter:description\" content=\"\ud83d\udcaa Lerncoach hilft ihnen auf die Pr\u00fcfung vorzubereiten \u2756 Pakete f\u00fcr Grundwissen \u2756 30 Fragen \u00fcber die ARV 2 im Multiple-Choise Verfahren\" \/>\r\n<meta name=\"twitter:image\" content=\"https:\/\/www.taxi-itheorie.ch\/shop\/wp-content\/uploads\/2021\/06\/p3.jpg\" \/>\r\n<meta name=\"twitter:label1\" content=\"Gesch\u00e4tzte Lesezeit\" \/>\n\t<meta name=\"twitter:data1\" content=\"1 Minute\" \/>\r\n<script type=\"application\/ld+json\" class=\"yoast-schema-graph\">{\"@context\":\"https:\/\/schema.org\",\"@graph\":[{\"@type\":\"WebPage\",\"@id\":\"https:\/\/www.taxi-itheorie.ch\/shop\/produkt\/kategorie-b-theorie\/\",\"url\":\"https:\/\/www.taxi-itheorie.ch\/shop\/produkt\/kategorie-b-theorie\/\",\"name\":\"Kategorie B Theorie \u2756 Taxi-iTheorie App herunterladen und online\",\"isPartOf\":{\"@id\":\"https:\/\/www.taxi-itheorie.ch\/shop\/#website\"},\"datePublished\":\"2022-11-13T09:18:44+00:00\",\"dateModified\":\"2025-03-30T17:34:59+00:00\",\"description\":\"\ud83d\udcaa Lerncoach hilft ihnen auf die Pr\u00fcfung vorzubereiten \u2756 Pakete f\u00fcr Grundwissen \u2756 KATEGORIE B Theorie - Autopr\u00fcfung Auto Lernpr\u00fcfung Theorie\",\"breadcrumb\":{\"@id\":\"https:\/\/www.taxi-itheorie.ch\/shop\/produkt\/kategorie-b-theorie\/#breadcrumb\"},\"inLanguage\":\"de-DE\",\"potentialAction\":[{\"@type\":\"ReadAction\",\"target\":[\"https:\/\/www.taxi-itheorie.ch\/shop\/produkt\/kategorie-b-theorie\/\"]}]},{\"@type\":\"BreadcrumbList\",\"@id\":\"https:\/\/www.taxi-itheorie.ch\/shop\/produkt\/kategorie-b-theorie\/#breadcrumb\",\"itemListElement\":[{\"@type\":\"ListItem\",\"position\":1,\"name\":\"Startseite\",\"item\":\"https:\/\/www.taxi-itheorie.ch\/shop\/\"},{\"@type\":\"ListItem\",\"position\":2,\"name\":\"Shop\",\"item\":\"https:\/\/www.taxi-itheorie.ch\/shop\/alle-produkte\/\"},{\"@type\":\"ListItem\",\"position\":3,\"name\":\"Kategorie B Theorie\"}]},{\"@type\":\"WebSite\",\"@id\":\"https:\/\/www.taxi-itheorie.ch\/shop\/#website\",\"url\":\"https:\/\/www.taxi-itheorie.ch\/shop\/\",\"name\":\"Taxi-iTheorie - Online-Plattform f\u00fcr Taxi Theorie in der Schweiz\",\"description\":\"Berufsm\u00e4ssiger Personentransport mit Motorfahrzeugen de\",\"publisher\":{\"@id\":\"https:\/\/www.taxi-itheorie.ch\/shop\/#organization\"},\"potentialAction\":[{\"@type\":\"SearchAction\",\"target\":{\"@type\":\"EntryPoint\",\"urlTemplate\":\"https:\/\/www.taxi-itheorie.ch\/shop\/?s={search_term_string}\"},\"query-input\":\"required name=search_term_string\"}],\"inLanguage\":\"de-DE\"},{\"@type\":\"Organization\",\"@id\":\"https:\/\/www.taxi-itheorie.ch\/shop\/#organization\",\"name\":\"Taxi-iTheorie\",\"url\":\"https:\/\/www.taxi-itheorie.ch\/shop\/\",\"logo\":{\"@type\":\"ImageObject\",\"inLanguage\":\"de-DE\",\"@id\":\"https:\/\/www.taxi-itheorie.ch\/shop\/#\/schema\/logo\/image\/\",\"url\":\"https:\/\/www.taxi-itheorie.ch\/shop\/wp-content\/uploads\/2021\/11\/logo_desktop.png\",\"contentUrl\":\"https:\/\/www.taxi-itheorie.ch\/shop\/wp-content\/uploads\/2021\/11\/logo_desktop.png\",\"width\":608,\"height\":175,\"caption\":\"Taxi-iTheorie\"},\"image\":{\"@id\":\"https:\/\/www.taxi-itheorie.ch\/shop\/#\/schema\/logo\/image\/\"},\"sameAs\":[\"https:\/\/www.facebook.com\/Taxiitheorie\",\"https:\/\/www.instagram.com\/taxiitheorie\/\"]}]}<\/script>\r\n<!-- \/ Yoast SEO plugin. -->","yoast_head_json":{"title":"Kategorie B Theorie \u2756 Taxi-iTheorie App herunterladen und online","description":"\ud83d\udcaa Lerncoach hilft ihnen auf die Pr\u00fcfung vorzubereiten \u2756 Pakete f\u00fcr Grundwissen \u2756 KATEGORIE B Theorie - Autopr\u00fcfung Auto Lernpr\u00fcfung Theorie","robots":{"index":"index","follow":"follow","max-snippet":"max-snippet:-1","max-image-preview":"max-image-preview:large","max-video-preview":"max-video-preview:-1"},"canonical":"https:\/\/www.taxi-itheorie.ch\/shop\/produkt\/kategorie-b-theorie\/","og_locale":"de_DE","og_type":"article","og_title":"Kategorie B Theorie \u2756 Taxi-iTheorie App herunterladen und online trainieren","og_description":"\ud83d\udcaa Lerncoach hilft ihnen auf die Pr\u00fcfung vorzubereiten \u2756 Pakete f\u00fcr Grundwissen \u2756 30 Fragen \u00fcber die ARV 2 im Multiple-Choise Verfahren","og_url":"https:\/\/www.taxi-itheorie.ch\/shop\/produkt\/kategorie-b-theorie\/","og_site_name":"Taxi-iTheorie","article_publisher":"https:\/\/www.facebook.com\/Taxiitheorie","article_modified_time":"2025-03-30T17:34:59+00:00","og_image":[{"width":2000,"height":2000,"url":"https:\/\/www.taxi-itheorie.ch\/shop\/wp-content\/uploads\/2021\/06\/p3.jpg","type":"image\/jpeg"}],"twitter_card":"summary_large_image","twitter_title":"Kategorie B Theorie \u2756 Taxi-iTheorie App herunterladen und online trainieren","twitter_description":"\ud83d\udcaa Lerncoach hilft ihnen auf die Pr\u00fcfung vorzubereiten \u2756 Pakete f\u00fcr Grundwissen \u2756 30 Fragen \u00fcber die ARV 2 im Multiple-Choise Verfahren","twitter_image":"https:\/\/www.taxi-itheorie.ch\/shop\/wp-content\/uploads\/2021\/06\/p3.jpg","twitter_misc":{"Gesch\u00e4tzte Lesezeit":"1 Minute"},"schema":{"@context":"https:\/\/schema.org","@graph":[{"@type":"WebPage","@id":"https:\/\/www.taxi-itheorie.ch\/shop\/produkt\/kategorie-b-theorie\/","url":"https:\/\/www.taxi-itheorie.ch\/shop\/produkt\/kategorie-b-theorie\/","name":"Kategorie B Theorie \u2756 Taxi-iTheorie App herunterladen und online","isPartOf":{"@id":"https:\/\/www.taxi-itheorie.ch\/shop\/#website"},"datePublished":"2022-11-13T09:18:44+00:00","dateModified":"2025-03-30T17:34:59+00:00","description":"\ud83d\udcaa Lerncoach hilft ihnen auf die Pr\u00fcfung vorzubereiten \u2756 Pakete f\u00fcr Grundwissen \u2756 KATEGORIE B Theorie - Autopr\u00fcfung Auto Lernpr\u00fcfung Theorie","breadcrumb":{"@id":"https:\/\/www.taxi-itheorie.ch\/shop\/produkt\/kategorie-b-theorie\/#breadcrumb"},"inLanguage":"de-DE","potentialAction":[{"@type":"ReadAction","target":["https:\/\/www.taxi-itheorie.ch\/shop\/produkt\/kategorie-b-theorie\/"]}]},{"@type":"BreadcrumbList","@id":"https:\/\/www.taxi-itheorie.ch\/shop\/produkt\/kategorie-b-theorie\/#breadcrumb","itemListElement":[{"@type":"ListItem","position":1,"name":"Startseite","item":"https:\/\/www.taxi-itheorie.ch\/shop\/"},{"@type":"ListItem","position":2,"name":"Shop","item":"https:\/\/www.taxi-itheorie.ch\/shop\/alle-produkte\/"},{"@type":"ListItem","position":3,"name":"Kategorie B Theorie"}]},{"@type":"WebSite","@id":"https:\/\/www.taxi-itheorie.ch\/shop\/#website","url":"https:\/\/www.taxi-itheorie.ch\/shop\/","name":"Taxi-iTheorie - Online-Plattform f\u00fcr Taxi Theorie in der Schweiz","description":"Berufsm\u00e4ssiger Personentransport mit Motorfahrzeugen de","publisher":{"@id":"https:\/\/www.taxi-itheorie.ch\/shop\/#organization"},"potentialAction":[{"@type":"SearchAction","target":{"@type":"EntryPoint","urlTemplate":"https:\/\/www.taxi-itheorie.ch\/shop\/?s={search_term_string}"},"query-input":"required name=search_term_string"}],"inLanguage":"de-DE"},{"@type":"Organization","@id":"https:\/\/www.taxi-itheorie.ch\/shop\/#organization","name":"Taxi-iTheorie","url":"https:\/\/www.taxi-itheorie.ch\/shop\/","logo":{"@type":"ImageObject","inLanguage":"de-DE","@id":"https:\/\/www.taxi-itheorie.ch\/shop\/#\/schema\/logo\/image\/","url":"https:\/\/www.taxi-itheorie.ch\/shop\/wp-content\/uploads\/2021\/11\/logo_desktop.png","contentUrl":"https:\/\/www.taxi-itheorie.ch\/shop\/wp-content\/uploads\/2021\/11\/logo_desktop.png","width":608,"height":175,"caption":"Taxi-iTheorie"},"image":{"@id":"https:\/\/www.taxi-itheorie.ch\/shop\/#\/schema\/logo\/image\/"},"sameAs":["https:\/\/www.facebook.com\/Taxiitheorie","https:\/\/www.instagram.com\/taxiitheorie\/"]}]}},"_links":{"self":[{"href":"https:\/\/www.taxi-itheorie.ch\/shop\/wp-json\/wp\/v3\/product\/1137"}],"collection":[{"href":"https:\/\/www.taxi-itheorie.ch\/shop\/wp-json\/wp\/v3\/product"}],"about":[{"href":"https:\/\/www.taxi-itheorie.ch\/shop\/wp-json\/wp\/v2\/types\/product"}],"replies":[{"embeddable":true,"href":"https:\/\/www.taxi-itheorie.ch\/shop\/wp-json\/wp\/v2\/comments?post=1137"}],"wp:featuredmedia":[{"embeddable":true,"href":"https:\/\/www.taxi-itheorie.ch\/shop\/wp-json\/wp\/v2\/media\/1142"}],"wp:attachment":[{"href":"https:\/\/www.taxi-itheorie.ch\/shop\/wp-json\/wp\/v2\/media?parent=1137"}],"wp:term":[{"taxonomy":"product_cat","embeddable":true,"href":"https:\/\/www.taxi-itheorie.ch\/shop\/wp-json\/wp\/v2\/product_cat?post=1137"},{"taxonomy":"product_tag","embeddable":true,"href":"https:\/\/www.taxi-itheorie.ch\/shop\/wp-json\/wp\/v2\/product_tag?post=1137"}],"curies":[{"name":"wp","href":"https:\/\/api.w.org\/{rel}","templated":true}]}}