{"id":1212,"date":"2023-07-03T17:56:05","date_gmt":"2023-07-03T17:56:05","guid":{"rendered":"https:\/\/www.taxi-itheorie.ch\/shop\/?page_id=1212"},"modified":"2025-05-31T16:42:58","modified_gmt":"2025-05-31T16:42:58","slug":"agb","status":"publish","type":"page","link":"https:\/\/www.taxi-itheorie.ch\/shop\/agb\/","title":{"rendered":"AGB"},"content":{"rendered":"\n<p>Art<strong>. <\/strong>1 \u2013<strong> <\/strong>Anmeldung<br>Die Anmeldung erfolgt ausschlie\u00dflich online \u00fcber das Formular auf der Webseite von Taxi-iTheorie. Nach Eingang der Anmeldung wird eine Best\u00e4tigung per E-Mail verschickt. Die Anmeldung wird mit der Best\u00e4tigung rechtsverbindlich. Durch die Anmeldung best\u00e4tigt der Teilnehmer, die Allgemeinen Gesch\u00e4ftsbedingungen sowie die Kursbedingungen gem\u00e4\u00df der Ausschreibung zur Kenntnis genommen zu haben und diese zu akzeptieren.<\/p>\n\n\n\n<p>Zahlungsarten:<br>Die Kursgeb\u00fchren sind im Voraus zu entrichten. Folgende Zahlungsmethoden werden akzeptiert:<\/p>\n\n\n\n<p>TWINT<\/p>\n\n\n\n<p>Kreditkarte (Visa, Mastercard)<\/p>\n\n\n\n<p>PayPal<\/p>\n\n\n\n<p>Barzahlung (nur nach vorheriger Absprache)<\/p>\n\n\n\n<p>Vorauskasse per Bank\u00fcberweisung<\/p>\n\n\n\n<p>Die Freischaltung der App und Lernplattform erfolgt erst nach vollst\u00e4ndigem Zahlungseingang.<\/p>\n\n\n\n<p>Art. 2 \u2013 Zugang zur Lernplattform<br>Der Zugang zur Online-Lernplattform wird nach Zahlungseingang freigeschaltet. Dieser Zugang ist pers\u00f6nlich und darf nicht an Dritte weitergegeben werden.<br>Unser System erfasst und analysiert eindeutige Identifikatoren (z.\u202fB. IMEI und IP-Adresse).<br>Bei unberechtigter Weitergabe der Zugangsdaten werden alle betroffenen Konten dauerhaft deaktiviert und gel\u00f6scht. Eine Reaktivierung ist ausgeschlossen. Es besteht kein Anspruch auf R\u00fcckerstattung oder rechtliche Anfechtung.<\/p>\n\n\n\n<p>Art. 3 \u2013 Preise<br>Die Preise beinhalten den Beitrag f\u00fcr die Kurse von Taxi-iTheorie, einschlie\u00dflich der Leistungsnachweise. Ma\u00dfgebend f\u00fcr die Kosten sind die aktuellen Angaben auf der Webseite von Taxi-iTheorie zum Zeitpunkt der Anmeldung.<\/p>\n\n\n\n<p>Art. 4 \u2013 Upgrade von Basis- auf Intensivpaket<br>Ein Wechsel vom Basis- zum Intensivpaket ist jederzeit m\u00f6glich. In diesem Fall wird der Differenzbetrag zwischen dem aktuellen Preis des Basis- und des Intensivpakets in Rechnung gestellt. Die Preise richten sich nach den zum Zeitpunkt des Upgrades g\u00fcltigen Angaben auf www.taxi-itheorie.ch.<\/p>\n\n\n\n<p>Art. 5 \u2013 Stornierung<br>Eine Stornierung der Anmeldung ist nur schriftlich oder per E-Mail m\u00f6glich. Bei einer Stornierung bis zum Beginn des Kurses sind 80\u202f% der Teilnahmegeb\u00fchr zu entrichten. Bei einer sp\u00e4teren Stornierung oder einem Abbruch eines Kurses wird die volle Teilnahmegeb\u00fchr erhoben.<\/p>\n\n\n\n<p>Art. 6 \u2013 Kurszeiten und G\u00fcltigkeit<br>Die Teilnehmer haben w\u00e4hrend des in der Kursausschreibung angegebenen Zeitraums Zugang zu den Online-Kursen. Die G\u00fcltigkeit der Kurse betr\u00e4gt maximal sechs Monate oder endet mit dem erfolgreichen Bestehen der ARV2-Theoriepr\u00fcfung \u2013 je nachdem, was zuerst eintritt. Nach Bestehen der Pr\u00fcfung wird der Zugang zur App und zur Lernplattform automatisch deaktiviert.<\/p>\n\n\n\n<p>Art. 7 \u2013 Verl\u00e4ngerung der G\u00fcltigkeit \/ Eigenverantwortung<br>Nach Ablauf der ersten sechs Monate kann die G\u00fcltigkeit des Zugangs kostenpflichtig verl\u00e4ngert werden:<\/p>\n\n\n\n<p>Verl\u00e4ngerung um 3 Monate: CHF 150<\/p>\n\n\n\n<p>Verl\u00e4ngerung um 6 Monate: CHF 200<\/p>\n\n\n\n<p>Die Preise beinhalten den administrativen Aufwand der Reaktivierung. Es liegt in der Verantwortung der Teilnehmer, den Kurs innerhalb der gebuchten G\u00fcltigkeit zu nutzen. Nachzahlungen oder Verl\u00e4ngerungen aus Gr\u00fcnden wie Ferienabwesenheit, Zeitmangel, Nichtnutzung der App oder nachtr\u00e4glicher Lernbereitschaft sind nicht r\u00fcckerstattbar. Kulanzregelungen bei triftigen Gr\u00fcnden wie Trauerfall oder Krankheit sind auf Anfrage mit Nachweis m\u00f6glich, es besteht jedoch kein rechtlicher Anspruch.<\/p>\n\n\n\n<p>Art. 8 \u2013 Versicherung<br>Es liegt in der Verantwortung der Teilnehmer, geeignete Versicherungen abzuschlie\u00dfen. Taxi-iTheorie erbringt keine Versicherungsleistungen und kann nicht f\u00fcr Sch\u00e4den durch Unf\u00e4lle, Krankheiten, Diebst\u00e4hle usw. haftbar gemacht werden. Im Zweifelsfall empfehlen wir den Abschluss einer Annullierungsversicherung.<\/p>\n\n\n\n<p>Art. 9 \u2013 \u00c4nderungen und Anpassungen<br>Programm- und Preis\u00e4nderungen sowie \u00c4nderungen der Allgemeinen Gesch\u00e4ftsbedingungen bleiben vorbehalten.<\/p>\n\n\n\n<p>Art. 10 \u2013 Unterrichtsmaterial und Urheberrecht<br>Mit der Bezahlung der Kursgeb\u00fchr erhalten die Teilnehmer das Recht zur pers\u00f6nlichen Nutzung der Inhalte und Unterlagen des Online-Kurses. Die Unterlagen unterliegen dem Urheberrecht und d\u00fcrfen nicht an Dritte weitergegeben oder vervielf\u00e4ltigt werden.<\/p>\n\n\n\n<p>Art. 11 \u2013 Kein R\u00fcckgaberecht<br>In folgenden F\u00e4llen besteht kein Anspruch auf R\u00fcckgabe oder R\u00fcckerstattung:<\/p>\n\n\n\n<p>Nach Bestehen der Pr\u00fcfung<\/p>\n\n\n\n<p>Bei Fehleinkauf<\/p>\n\n\n\n<p>Bei nachtr\u00e4glichem Desinteresse<\/p>\n\n\n\n<p>Art. 12 \u2013 R\u00fcckerstattungswert<br>Wenn ein Anspruch auf R\u00fcckerstattung besteht, wird der volle Betrag zur\u00fcckerstattet.<\/p>\n\n\n\n<p>Art. 13 \u2013 Hinweis zur Deaktivierung nach Pr\u00fcfungsbestehen<br>Die Deaktivierung des Zugangs nach Bestehen der Pr\u00fcfung erfolgt, um sicherzustellen, dass die App ausschlie\u00dflich f\u00fcr die Pr\u00fcfungsvorbereitung genutzt wird. Dadurch wird die Integrit\u00e4t des Lern- und Pr\u00fcfungsprozesses gewahrt und eine unautorisierte Weitergabe von Inhalten\u00a0verhindert.<\/p>\n\n\n\n<p>Aktualisiert am 31.05.25<\/p>\n","protected":false},"excerpt":{"rendered":"<p>Art. 1 \u2013 AnmeldungDie Anmeldung erfolgt ausschlie\u00dflich online \u00fcber das Formular auf der Webseite von Taxi-iTheorie. Nach Eingang&hellip;<\/p>\n","protected":false},"author":3,"featured_media":0,"parent":0,"menu_order":0,"comment_status":"closed","ping_status":"closed","template":"","meta":[],"yoast_head":"<!-- This site is optimized with the Yoast SEO plugin v20.5 - https:\/\/yoast.com\/wordpress\/plugins\/seo\/ -->\r\n<title>AGB - Taxi-iTheorie<\/title>\r\n<meta name=\"robots\" content=\"index, follow, max-snippet:-1, max-image-preview:large, max-video-preview:-1\" \/>\r\n<link rel=\"canonical\" href=\"https:\/\/www.taxi-itheorie.ch\/shop\/agb\/\" \/>\r\n<meta property=\"og:locale\" content=\"de_DE\" \/>\r\n<meta property=\"og:type\" content=\"article\" \/>\r\n<meta property=\"og:title\" content=\"AGB - Taxi-iTheorie\" \/>\r\n<meta property=\"og:description\" content=\"Art. 1 \u2013 AnmeldungDie Anmeldung erfolgt ausschlie\u00dflich online \u00fcber das Formular auf der Webseite von Taxi-iTheorie. Nach Eingang&hellip;\" \/>\r\n<meta property=\"og:url\" content=\"https:\/\/www.taxi-itheorie.ch\/shop\/agb\/\" \/>\r\n<meta property=\"og:site_name\" content=\"Taxi-iTheorie\" \/>\r\n<meta property=\"article:publisher\" content=\"https:\/\/www.facebook.com\/Taxiitheorie\" \/>\r\n<meta property=\"article:modified_time\" content=\"2025-05-31T16:42:58+00:00\" \/>\r\n<meta name=\"twitter:card\" content=\"summary_large_image\" \/>\r\n<meta name=\"twitter:label1\" content=\"Gesch\u00e4tzte Lesezeit\" \/>\n\t<meta name=\"twitter:data1\" content=\"3 Minuten\" \/>\r\n<script type=\"application\/ld+json\" class=\"yoast-schema-graph\">{\"@context\":\"https:\/\/schema.org\",\"@graph\":[{\"@type\":\"WebPage\",\"@id\":\"https:\/\/www.taxi-itheorie.ch\/shop\/agb\/\",\"url\":\"https:\/\/www.taxi-itheorie.ch\/shop\/agb\/\",\"name\":\"AGB - Taxi-iTheorie\",\"isPartOf\":{\"@id\":\"https:\/\/www.taxi-itheorie.ch\/shop\/#website\"},\"datePublished\":\"2023-07-03T17:56:05+00:00\",\"dateModified\":\"2025-05-31T16:42:58+00:00\",\"breadcrumb\":{\"@id\":\"https:\/\/www.taxi-itheorie.ch\/shop\/agb\/#breadcrumb\"},\"inLanguage\":\"de-DE\",\"potentialAction\":[{\"@type\":\"ReadAction\",\"target\":[\"https:\/\/www.taxi-itheorie.ch\/shop\/agb\/\"]}]},{\"@type\":\"BreadcrumbList\",\"@id\":\"https:\/\/www.taxi-itheorie.ch\/shop\/agb\/#breadcrumb\",\"itemListElement\":[{\"@type\":\"ListItem\",\"position\":1,\"name\":\"Startseite\",\"item\":\"https:\/\/www.taxi-itheorie.ch\/shop\/\"},{\"@type\":\"ListItem\",\"position\":2,\"name\":\"AGB\"}]},{\"@type\":\"WebSite\",\"@id\":\"https:\/\/www.taxi-itheorie.ch\/shop\/#website\",\"url\":\"https:\/\/www.taxi-itheorie.ch\/shop\/\",\"name\":\"Taxi-iTheorie - Online-Plattform f\u00fcr Taxi Theorie in der Schweiz\",\"description\":\"Berufsm\u00e4ssiger Personentransport mit Motorfahrzeugen de\",\"publisher\":{\"@id\":\"https:\/\/www.taxi-itheorie.ch\/shop\/#organization\"},\"potentialAction\":[{\"@type\":\"SearchAction\",\"target\":{\"@type\":\"EntryPoint\",\"urlTemplate\":\"https:\/\/www.taxi-itheorie.ch\/shop\/?s={search_term_string}\"},\"query-input\":\"required name=search_term_string\"}],\"inLanguage\":\"de-DE\"},{\"@type\":\"Organization\",\"@id\":\"https:\/\/www.taxi-itheorie.ch\/shop\/#organization\",\"name\":\"Taxi-iTheorie\",\"url\":\"https:\/\/www.taxi-itheorie.ch\/shop\/\",\"logo\":{\"@type\":\"ImageObject\",\"inLanguage\":\"de-DE\",\"@id\":\"https:\/\/www.taxi-itheorie.ch\/shop\/#\/schema\/logo\/image\/\",\"url\":\"https:\/\/www.taxi-itheorie.ch\/shop\/wp-content\/uploads\/2021\/11\/logo_desktop.png\",\"contentUrl\":\"https:\/\/www.taxi-itheorie.ch\/shop\/wp-content\/uploads\/2021\/11\/logo_desktop.png\",\"width\":608,\"height\":175,\"caption\":\"Taxi-iTheorie\"},\"image\":{\"@id\":\"https:\/\/www.taxi-itheorie.ch\/shop\/#\/schema\/logo\/image\/\"},\"sameAs\":[\"https:\/\/www.facebook.com\/Taxiitheorie\",\"https:\/\/www.instagram.com\/taxiitheorie\/\"]}]}<\/script>\r\n<!-- \/ Yoast SEO plugin. -->","yoast_head_json":{"title":"AGB - Taxi-iTheorie","robots":{"index":"index","follow":"follow","max-snippet":"max-snippet:-1","max-image-preview":"max-image-preview:large","max-video-preview":"max-video-preview:-1"},"canonical":"https:\/\/www.taxi-itheorie.ch\/shop\/agb\/","og_locale":"de_DE","og_type":"article","og_title":"AGB - Taxi-iTheorie","og_description":"Art. 1 \u2013 AnmeldungDie Anmeldung erfolgt ausschlie\u00dflich online \u00fcber das Formular auf der Webseite von Taxi-iTheorie. Nach Eingang&hellip;","og_url":"https:\/\/www.taxi-itheorie.ch\/shop\/agb\/","og_site_name":"Taxi-iTheorie","article_publisher":"https:\/\/www.facebook.com\/Taxiitheorie","article_modified_time":"2025-05-31T16:42:58+00:00","twitter_card":"summary_large_image","twitter_misc":{"Gesch\u00e4tzte Lesezeit":"3 Minuten"},"schema":{"@context":"https:\/\/schema.org","@graph":[{"@type":"WebPage","@id":"https:\/\/www.taxi-itheorie.ch\/shop\/agb\/","url":"https:\/\/www.taxi-itheorie.ch\/shop\/agb\/","name":"AGB - Taxi-iTheorie","isPartOf":{"@id":"https:\/\/www.taxi-itheorie.ch\/shop\/#website"},"datePublished":"2023-07-03T17:56:05+00:00","dateModified":"2025-05-31T16:42:58+00:00","breadcrumb":{"@id":"https:\/\/www.taxi-itheorie.ch\/shop\/agb\/#breadcrumb"},"inLanguage":"de-DE","potentialAction":[{"@type":"ReadAction","target":["https:\/\/www.taxi-itheorie.ch\/shop\/agb\/"]}]},{"@type":"BreadcrumbList","@id":"https:\/\/www.taxi-itheorie.ch\/shop\/agb\/#breadcrumb","itemListElement":[{"@type":"ListItem","position":1,"name":"Startseite","item":"https:\/\/www.taxi-itheorie.ch\/shop\/"},{"@type":"ListItem","position":2,"name":"AGB"}]},{"@type":"WebSite","@id":"https:\/\/www.taxi-itheorie.ch\/shop\/#website","url":"https:\/\/www.taxi-itheorie.ch\/shop\/","name":"Taxi-iTheorie - Online-Plattform f\u00fcr Taxi Theorie in der Schweiz","description":"Berufsm\u00e4ssiger Personentransport mit Motorfahrzeugen de","publisher":{"@id":"https:\/\/www.taxi-itheorie.ch\/shop\/#organization"},"potentialAction":[{"@type":"SearchAction","target":{"@type":"EntryPoint","urlTemplate":"https:\/\/www.taxi-itheorie.ch\/shop\/?s={search_term_string}"},"query-input":"required name=search_term_string"}],"inLanguage":"de-DE"},{"@type":"Organization","@id":"https:\/\/www.taxi-itheorie.ch\/shop\/#organization","name":"Taxi-iTheorie","url":"https:\/\/www.taxi-itheorie.ch\/shop\/","logo":{"@type":"ImageObject","inLanguage":"de-DE","@id":"https:\/\/www.taxi-itheorie.ch\/shop\/#\/schema\/logo\/image\/","url":"https:\/\/www.taxi-itheorie.ch\/shop\/wp-content\/uploads\/2021\/11\/logo_desktop.png","contentUrl":"https:\/\/www.taxi-itheorie.ch\/shop\/wp-content\/uploads\/2021\/11\/logo_desktop.png","width":608,"height":175,"caption":"Taxi-iTheorie"},"image":{"@id":"https:\/\/www.taxi-itheorie.ch\/shop\/#\/schema\/logo\/image\/"},"sameAs":["https:\/\/www.facebook.com\/Taxiitheorie","https:\/\/www.instagram.com\/taxiitheorie\/"]}]}},"_links":{"self":[{"href":"https:\/\/www.taxi-itheorie.ch\/shop\/wp-json\/wp\/v2\/pages\/1212"}],"collection":[{"href":"https:\/\/www.taxi-itheorie.ch\/shop\/wp-json\/wp\/v2\/pages"}],"about":[{"href":"https:\/\/www.taxi-itheorie.ch\/shop\/wp-json\/wp\/v2\/types\/page"}],"author":[{"embeddable":true,"href":"https:\/\/www.taxi-itheorie.ch\/shop\/wp-json\/wp\/v2\/users\/3"}],"replies":[{"embeddable":true,"href":"https:\/\/www.taxi-itheorie.ch\/shop\/wp-json\/wp\/v2\/comments?post=1212"}],"version-history":[{"count":10,"href":"https:\/\/www.taxi-itheorie.ch\/shop\/wp-json\/wp\/v2\/pages\/1212\/revisions"}],"predecessor-version":[{"id":1329,"href":"https:\/\/www.taxi-itheorie.ch\/shop\/wp-json\/wp\/v2\/pages\/1212\/revisions\/1329"}],"wp:attachment":[{"href":"https:\/\/www.taxi-itheorie.ch\/shop\/wp-json\/wp\/v2\/media?parent=1212"}],"curies":[{"name":"wp","href":"https:\/\/api.w.org\/{rel}","templated":true}]}}