{"id":1018,"date":"2022-01-19T13:35:30","date_gmt":"2022-01-19T13:35:30","guid":{"rendered":"https:\/\/www.taxi-itheorie.ch\/shop\/?page_id=1018"},"modified":"2025-07-02T19:56:35","modified_gmt":"2025-07-02T19:56:35","slug":"rueckgaberichtlinie","status":"publish","type":"page","link":"https:\/\/www.taxi-itheorie.ch\/shop\/rueckgaberichtlinie\/","title":{"rendered":"R\u00fcckgabe- und Erstattungsrichtlinien"},"content":{"rendered":"\nM\u00f6chtest du ein Produkt zur\u00fcckgeben? F\u00fcr R\u00fcckgaben bitten wir dich mit uns pers\u00f6nlich Kontakt aufzunehmen.<br>\nDie Voraussetzungen haben wir unten f\u00fcr dich aufgelistet. \nUnsere Kontaktangaben:<br><br>\n<strong>TaxiiTheorie GmbH<\/strong><br>\nSchaffhauserstrasse 126<br>\n8302 Kloten<br>\nTel.: +41 76 741 09 21<br>\nMail: info@taxi-itheorie.ch<br><br>\n\n<strong>1. R\u00fcckgabefrist<\/strong><br>\nDa unsere Produkte virtuell eingekauft werden und keine physischen Produkte sind, k\u00f6nnen wir keine R\u00fcckgabe garantieren.\n<br><br>\nWir garantieren, dass Sie mit dem All-In-One Package die Pr\u00fcfung bestehen werden. Es gibt keine R\u00fcckgabe-Garantie, aber wir begleiten Sie, bis Sie die Pr\u00fcfung bestehen. Wenn beim Stra\u00dfenverkehrsamt bei der Pr\u00fcfung weniger als 25 Fragen gestellt werden, ist das kostenlos. Falls nicht, k\u00f6nnen wir eine kleine Geb\u00fchr\u00a0verlangen.\n<br><br>\n\n<strong>2. Kein R\u00fcckgaberecht<\/strong><br>\nIn folgenden F\u00e4llen k\u00f6nnen wir leider keine R\u00fccknahmen anbieten:<br>\n\u2022\tNach Bestehen der Pr\u00fcfung<br>\n\u2022\tBei Fehleinkauf<br>\n\u2022\tBei Nichtinteresse nach dem Kaufen<br><br>\n\n\n<strong>3. R\u00fcckerstattungswert<\/strong><br>\n\nDer R\u00fcckerstattungswert ist immer im vollen Betrag. Sie erhalten immer den kompletten Betrag zur\u00fcck.<br><br>\n\n<strong>3. Aktivierung der App<\/strong><br>\nGem\u00e4\u00df den Allgemeinen Gesch\u00e4ftsbedingungen (AGB) von Taxi-iTheorie gelten folgende Bestimmungen f\u00fcr die Aktivierung der App und die Verl\u00e4ngerung der G\u00fcltigkeit:<br><br>\n\n3.1 Die Aktivierung der App ist f\u00fcr einen Zeitraum von 6 Monaten g\u00fcltig.<br>\n\n3.2 Wenn der Kunde die G\u00fcltigkeit der App um weitere 3 Monate verl\u00e4ngern m\u00f6chte, f\u00e4llt eine Geb\u00fchr von 100 CHF an.<br>\n\n3.3 Bei einer Verl\u00e4ngerung der G\u00fcltigkeit um weitere 6 Monate betr\u00e4gt die\u00a0Geb\u00fchr\u00a0150\u00a0CHF.\n\n\n\n<p><\/p>\n","protected":false},"excerpt":{"rendered":"<p>M\u00f6chtest du ein Produkt zur\u00fcckgeben? F\u00fcr R\u00fcckgaben bitten wir dich mit uns pers\u00f6nlich Kontakt aufzunehmen. Die Voraussetzungen haben&hellip;<\/p>\n","protected":false},"author":3,"featured_media":0,"parent":0,"menu_order":0,"comment_status":"closed","ping_status":"closed","template":"","meta":[],"yoast_head":"<!-- This site is optimized with the Yoast SEO plugin v20.5 - https:\/\/yoast.com\/wordpress\/plugins\/seo\/ -->\r\n<title>R\u00fcckgabe- und Erstattungsrichtlinien - Taxi-iTheorie<\/title>\r\n<meta name=\"robots\" content=\"index, follow, max-snippet:-1, max-image-preview:large, max-video-preview:-1\" \/>\r\n<link rel=\"canonical\" href=\"https:\/\/www.taxi-itheorie.ch\/shop\/rueckgaberichtlinie\/\" \/>\r\n<meta property=\"og:locale\" content=\"de_DE\" \/>\r\n<meta property=\"og:type\" content=\"article\" \/>\r\n<meta property=\"og:title\" content=\"R\u00fcckgabe- und Erstattungsrichtlinien - Taxi-iTheorie\" \/>\r\n<meta property=\"og:description\" content=\"M\u00f6chtest du ein Produkt zur\u00fcckgeben? F\u00fcr R\u00fcckgaben bitten wir dich mit uns pers\u00f6nlich Kontakt aufzunehmen. Die Voraussetzungen haben&hellip;\" \/>\r\n<meta property=\"og:url\" content=\"https:\/\/www.taxi-itheorie.ch\/shop\/rueckgaberichtlinie\/\" \/>\r\n<meta property=\"og:site_name\" content=\"Taxi-iTheorie\" \/>\r\n<meta property=\"article:publisher\" content=\"https:\/\/www.facebook.com\/Taxiitheorie\" \/>\r\n<meta property=\"article:modified_time\" content=\"2025-07-02T19:56:35+00:00\" \/>\r\n<meta name=\"twitter:card\" content=\"summary_large_image\" \/>\r\n<meta name=\"twitter:label1\" content=\"Gesch\u00e4tzte Lesezeit\" \/>\n\t<meta name=\"twitter:data1\" content=\"1 Minute\" \/>\r\n<script type=\"application\/ld+json\" class=\"yoast-schema-graph\">{\"@context\":\"https:\/\/schema.org\",\"@graph\":[{\"@type\":\"WebPage\",\"@id\":\"https:\/\/www.taxi-itheorie.ch\/shop\/rueckgaberichtlinie\/\",\"url\":\"https:\/\/www.taxi-itheorie.ch\/shop\/rueckgaberichtlinie\/\",\"name\":\"R\u00fcckgabe- und Erstattungsrichtlinien - Taxi-iTheorie\",\"isPartOf\":{\"@id\":\"https:\/\/www.taxi-itheorie.ch\/shop\/#website\"},\"datePublished\":\"2022-01-19T13:35:30+00:00\",\"dateModified\":\"2025-07-02T19:56:35+00:00\",\"breadcrumb\":{\"@id\":\"https:\/\/www.taxi-itheorie.ch\/shop\/rueckgaberichtlinie\/#breadcrumb\"},\"inLanguage\":\"de-DE\",\"potentialAction\":[{\"@type\":\"ReadAction\",\"target\":[\"https:\/\/www.taxi-itheorie.ch\/shop\/rueckgaberichtlinie\/\"]}]},{\"@type\":\"BreadcrumbList\",\"@id\":\"https:\/\/www.taxi-itheorie.ch\/shop\/rueckgaberichtlinie\/#breadcrumb\",\"itemListElement\":[{\"@type\":\"ListItem\",\"position\":1,\"name\":\"Startseite\",\"item\":\"https:\/\/www.taxi-itheorie.ch\/shop\/\"},{\"@type\":\"ListItem\",\"position\":2,\"name\":\"R\u00fcckgabe- und Erstattungsrichtlinien\"}]},{\"@type\":\"WebSite\",\"@id\":\"https:\/\/www.taxi-itheorie.ch\/shop\/#website\",\"url\":\"https:\/\/www.taxi-itheorie.ch\/shop\/\",\"name\":\"Taxi-iTheorie - Online-Plattform f\u00fcr Taxi Theorie in der Schweiz\",\"description\":\"Berufsm\u00e4ssiger Personentransport mit Motorfahrzeugen de\",\"publisher\":{\"@id\":\"https:\/\/www.taxi-itheorie.ch\/shop\/#organization\"},\"potentialAction\":[{\"@type\":\"SearchAction\",\"target\":{\"@type\":\"EntryPoint\",\"urlTemplate\":\"https:\/\/www.taxi-itheorie.ch\/shop\/?s={search_term_string}\"},\"query-input\":\"required name=search_term_string\"}],\"inLanguage\":\"de-DE\"},{\"@type\":\"Organization\",\"@id\":\"https:\/\/www.taxi-itheorie.ch\/shop\/#organization\",\"name\":\"Taxi-iTheorie\",\"url\":\"https:\/\/www.taxi-itheorie.ch\/shop\/\",\"logo\":{\"@type\":\"ImageObject\",\"inLanguage\":\"de-DE\",\"@id\":\"https:\/\/www.taxi-itheorie.ch\/shop\/#\/schema\/logo\/image\/\",\"url\":\"https:\/\/www.taxi-itheorie.ch\/shop\/wp-content\/uploads\/2021\/11\/logo_desktop.png\",\"contentUrl\":\"https:\/\/www.taxi-itheorie.ch\/shop\/wp-content\/uploads\/2021\/11\/logo_desktop.png\",\"width\":608,\"height\":175,\"caption\":\"Taxi-iTheorie\"},\"image\":{\"@id\":\"https:\/\/www.taxi-itheorie.ch\/shop\/#\/schema\/logo\/image\/\"},\"sameAs\":[\"https:\/\/www.facebook.com\/Taxiitheorie\",\"https:\/\/www.instagram.com\/taxiitheorie\/\"]}]}<\/script>\r\n<!-- \/ Yoast SEO plugin. -->","yoast_head_json":{"title":"R\u00fcckgabe- und Erstattungsrichtlinien - Taxi-iTheorie","robots":{"index":"index","follow":"follow","max-snippet":"max-snippet:-1","max-image-preview":"max-image-preview:large","max-video-preview":"max-video-preview:-1"},"canonical":"https:\/\/www.taxi-itheorie.ch\/shop\/rueckgaberichtlinie\/","og_locale":"de_DE","og_type":"article","og_title":"R\u00fcckgabe- und Erstattungsrichtlinien - Taxi-iTheorie","og_description":"M\u00f6chtest du ein Produkt zur\u00fcckgeben? F\u00fcr R\u00fcckgaben bitten wir dich mit uns pers\u00f6nlich Kontakt aufzunehmen. Die Voraussetzungen haben&hellip;","og_url":"https:\/\/www.taxi-itheorie.ch\/shop\/rueckgaberichtlinie\/","og_site_name":"Taxi-iTheorie","article_publisher":"https:\/\/www.facebook.com\/Taxiitheorie","article_modified_time":"2025-07-02T19:56:35+00:00","twitter_card":"summary_large_image","twitter_misc":{"Gesch\u00e4tzte Lesezeit":"1 Minute"},"schema":{"@context":"https:\/\/schema.org","@graph":[{"@type":"WebPage","@id":"https:\/\/www.taxi-itheorie.ch\/shop\/rueckgaberichtlinie\/","url":"https:\/\/www.taxi-itheorie.ch\/shop\/rueckgaberichtlinie\/","name":"R\u00fcckgabe- und Erstattungsrichtlinien - Taxi-iTheorie","isPartOf":{"@id":"https:\/\/www.taxi-itheorie.ch\/shop\/#website"},"datePublished":"2022-01-19T13:35:30+00:00","dateModified":"2025-07-02T19:56:35+00:00","breadcrumb":{"@id":"https:\/\/www.taxi-itheorie.ch\/shop\/rueckgaberichtlinie\/#breadcrumb"},"inLanguage":"de-DE","potentialAction":[{"@type":"ReadAction","target":["https:\/\/www.taxi-itheorie.ch\/shop\/rueckgaberichtlinie\/"]}]},{"@type":"BreadcrumbList","@id":"https:\/\/www.taxi-itheorie.ch\/shop\/rueckgaberichtlinie\/#breadcrumb","itemListElement":[{"@type":"ListItem","position":1,"name":"Startseite","item":"https:\/\/www.taxi-itheorie.ch\/shop\/"},{"@type":"ListItem","position":2,"name":"R\u00fcckgabe- und Erstattungsrichtlinien"}]},{"@type":"WebSite","@id":"https:\/\/www.taxi-itheorie.ch\/shop\/#website","url":"https:\/\/www.taxi-itheorie.ch\/shop\/","name":"Taxi-iTheorie - Online-Plattform f\u00fcr Taxi Theorie in der Schweiz","description":"Berufsm\u00e4ssiger Personentransport mit Motorfahrzeugen de","publisher":{"@id":"https:\/\/www.taxi-itheorie.ch\/shop\/#organization"},"potentialAction":[{"@type":"SearchAction","target":{"@type":"EntryPoint","urlTemplate":"https:\/\/www.taxi-itheorie.ch\/shop\/?s={search_term_string}"},"query-input":"required name=search_term_string"}],"inLanguage":"de-DE"},{"@type":"Organization","@id":"https:\/\/www.taxi-itheorie.ch\/shop\/#organization","name":"Taxi-iTheorie","url":"https:\/\/www.taxi-itheorie.ch\/shop\/","logo":{"@type":"ImageObject","inLanguage":"de-DE","@id":"https:\/\/www.taxi-itheorie.ch\/shop\/#\/schema\/logo\/image\/","url":"https:\/\/www.taxi-itheorie.ch\/shop\/wp-content\/uploads\/2021\/11\/logo_desktop.png","contentUrl":"https:\/\/www.taxi-itheorie.ch\/shop\/wp-content\/uploads\/2021\/11\/logo_desktop.png","width":608,"height":175,"caption":"Taxi-iTheorie"},"image":{"@id":"https:\/\/www.taxi-itheorie.ch\/shop\/#\/schema\/logo\/image\/"},"sameAs":["https:\/\/www.facebook.com\/Taxiitheorie","https:\/\/www.instagram.com\/taxiitheorie\/"]}]}},"_links":{"self":[{"href":"https:\/\/www.taxi-itheorie.ch\/shop\/wp-json\/wp\/v2\/pages\/1018"}],"collection":[{"href":"https:\/\/www.taxi-itheorie.ch\/shop\/wp-json\/wp\/v2\/pages"}],"about":[{"href":"https:\/\/www.taxi-itheorie.ch\/shop\/wp-json\/wp\/v2\/types\/page"}],"author":[{"embeddable":true,"href":"https:\/\/www.taxi-itheorie.ch\/shop\/wp-json\/wp\/v2\/users\/3"}],"replies":[{"embeddable":true,"href":"https:\/\/www.taxi-itheorie.ch\/shop\/wp-json\/wp\/v2\/comments?post=1018"}],"version-history":[{"count":19,"href":"https:\/\/www.taxi-itheorie.ch\/shop\/wp-json\/wp\/v2\/pages\/1018\/revisions"}],"predecessor-version":[{"id":1333,"href":"https:\/\/www.taxi-itheorie.ch\/shop\/wp-json\/wp\/v2\/pages\/1018\/revisions\/1333"}],"wp:attachment":[{"href":"https:\/\/www.taxi-itheorie.ch\/shop\/wp-json\/wp\/v2\/media?parent=1018"}],"curies":[{"name":"wp","href":"https:\/\/api.w.org\/{rel}","templated":true}]}}